{"id":34,"date":"2022-06-07T13:14:43","date_gmt":"2022-06-07T11:14:43","guid":{"rendered":"https:\/\/henryjager.conartix.ch\/?page_id=34"},"modified":"2026-02-20T12:05:47","modified_gmt":"2026-02-20T10:05:47","slug":"startseite","status":"publish","type":"page","link":"https:\/\/henryjager.ch\/","title":{"rendered":"Startseite"},"content":{"rendered":"\n<div class=\"wp-block-group alignwide is-layout-flow wp-block-group-is-layout-flow\" style=\"padding-top:4rem;padding-bottom:4rem\">\n<h2 class=\"wp-block-heading has-text-align-center has-primary-color has-text-color\" id=\"uber-mich\">\u00dcber mich<\/h2>\n\n\n\n<div class=\"wp-block-columns is-layout-flex wp-container-core-columns-is-layout-28f84493 wp-block-columns-is-layout-flex\">\n<div class=\"wp-block-column is-layout-flow wp-block-column-is-layout-flow\" style=\"flex-basis:100%\">\n<p>Als gr\u00fcner und liberaler Politiker steht f\u00fcr mich die Verbindung dieser nur vermeintlichen Gegens\u00e4tze im Vordergrund. In der sachbezogenen Realpolitik ist mir linker und rechter Fundamentalismus fremd, genauso wie ein Parteib\u00fcchlein.<\/p>\n\n\n\n<p>In der Gesch\u00e4ftspr\u00fcfungskommission setze ich mich als Pr\u00e4sident f\u00fcr eine fundierte und unvoreingenommene Pr\u00fcfung der Gesch\u00e4fte ein. Gemeinsam erarbeitete, realistische und breit abgest\u00fctzte L\u00f6sungen sind mir wichtig.<\/p>\n<\/div>\n<\/div>\n<\/div>\n\n\n\n<div class=\"wp-block-group alignwide is-layout-flow wp-block-group-is-layout-flow\" style=\"padding-top:4rem;padding-bottom:4rem\">\n<figure class=\"wp-block-image aligncenter size-full is-resized\"><img loading=\"lazy\" decoding=\"async\" width=\"1880\" height=\"2140\" src=\"https:\/\/henryjager.conartix.ch\/wp-content\/uploads\/2026\/02\/smartspider-henry-jager-2026.png\" alt=\"\" class=\"wp-image-848\" style=\"aspect-ratio:0.8785175017158545;width:680px;height:auto\" srcset=\"https:\/\/henryjager.ch\/wp-content\/uploads\/2026\/02\/smartspider-henry-jager-2026.png 1880w, https:\/\/henryjager.ch\/wp-content\/uploads\/2026\/02\/smartspider-henry-jager-2026-264x300.png 264w, https:\/\/henryjager.ch\/wp-content\/uploads\/2026\/02\/smartspider-henry-jager-2026-900x1024.png 900w, https:\/\/henryjager.ch\/wp-content\/uploads\/2026\/02\/smartspider-henry-jager-2026-768x874.png 768w, https:\/\/henryjager.ch\/wp-content\/uploads\/2026\/02\/smartspider-henry-jager-2026-1349x1536.png 1349w, https:\/\/henryjager.ch\/wp-content\/uploads\/2026\/02\/smartspider-henry-jager-2026-1799x2048.png 1799w\" sizes=\"auto, (max-width: 1880px) 100vw, 1880px\" \/><\/figure>\n<\/div>\n\n\n\n<p><strong>Liebe Schlieremerinnen, liebe Schlieremer<\/strong><\/p>\n\n\n\n<p>In den letzten Jahren hat sich die GLP als politische Kraft in Schlieren etabliert \u2013 Dank unserer engagierten Parlamentarier- und Kommissionsmitgliedern und unserer tatkr\u00e4ftigen und ambitionierten Stadtr\u00e4tin. In der letzten Legislatur hat sie gezeigt, dass sie f\u00fcr die Schlieremer und ihre Belange vollen Einsatz, Engagement und Herzblut einbringt.<\/p>\n\n\n\n<p>Im Stadtrat, im Gemeindeparlament, der Schulpflege, der Sozialbeh\u00f6rde, Alterskommission und diverse andere Kommissionen wollen wir uns weiterhin f\u00fcr ein Schlieren einsetzen, in dem Sie gerne leben und arbeiten. Wir sind stolz, Schlieremer zu sein. Schlieren soll f\u00fcr uns alle Heimat sein. Heimat bleiben oder Heimat werden.<\/p>\n\n\n\n<p>Wir freuen uns, wenn Sie Song\u00fcl Virid\u00e9n wieder in den Stadtrat und in die Liste 4 f\u00fcr das Stadtparlament w\u00e4hlen.<\/p>\n\n\n\n<p>Weil Schlieren uns am Herzen liegt!<br>Ihre GLP Schlieren<\/p>\n\n\n\n<figure class=\"wp-block-image size-large\"><img loading=\"lazy\" decoding=\"async\" width=\"1024\" height=\"500\" src=\"https:\/\/henryjager.conartix.ch\/wp-content\/uploads\/2026\/02\/gruppenbild_glp_01-1024x500.webp\" alt=\"\" class=\"wp-image-876\" srcset=\"https:\/\/henryjager.ch\/wp-content\/uploads\/2026\/02\/gruppenbild_glp_01-1024x500.webp 1024w, https:\/\/henryjager.ch\/wp-content\/uploads\/2026\/02\/gruppenbild_glp_01-300x146.webp 300w, https:\/\/henryjager.ch\/wp-content\/uploads\/2026\/02\/gruppenbild_glp_01-768x375.webp 768w, https:\/\/henryjager.ch\/wp-content\/uploads\/2026\/02\/gruppenbild_glp_01.webp 1305w\" sizes=\"auto, (max-width: 1024px) 100vw, 1024px\" \/><figcaption class=\"wp-element-caption\">Von links nach rechts: Daniel Schild, Riccardo Widmer, Henry Jager, David Baumann, Song\u00fcl Virid\u00e9n, Sandra Eicher, Romy Huber Litifi, Samuel M\u00fchlthaler, Laura Capone Incardona, Roberto Barbieri<\/figcaption><\/figure>\n\n\n\n<div class=\"wp-block-group alignfull has-secondary-background-color has-background is-layout-flow wp-block-group-is-layout-flow\" style=\"padding-top:1rem;padding-right:0px;padding-bottom:1rem;padding-left:0px\">\n<figure class=\"wp-block-image size-full\"><img decoding=\"async\" src=\"https:\/\/henryjager.conartix.ch\/wp-content\/themes\/twentytwentytwo\/assets\/images\/divider-black.png\" alt=\"\" class=\"wp-image-473\"\/><\/figure>\n<\/div>\n\n\n\n<div class=\"wp-block-columns are-vertically-aligned-center is-layout-flex wp-container-core-columns-is-layout-28f84493 wp-block-columns-is-layout-flex\">\n<div class=\"wp-block-column is-vertically-aligned-center is-layout-flow wp-block-column-is-layout-flow\">\n<figure class=\"wp-block-image aligncenter size-full is-resized\"><img loading=\"lazy\" decoding=\"async\" width=\"500\" height=\"500\" src=\"https:\/\/henryjager.conartix.ch\/wp-content\/uploads\/2026\/02\/GLPZH25_Viriden-Songuel.webp\" alt=\"\" class=\"wp-image-861\" style=\"width:368px;height:auto\" srcset=\"https:\/\/henryjager.ch\/wp-content\/uploads\/2026\/02\/GLPZH25_Viriden-Songuel.webp 500w, https:\/\/henryjager.ch\/wp-content\/uploads\/2026\/02\/GLPZH25_Viriden-Songuel-300x300.webp 300w, https:\/\/henryjager.ch\/wp-content\/uploads\/2026\/02\/GLPZH25_Viriden-Songuel-150x150.webp 150w\" sizes=\"auto, (max-width: 500px) 100vw, 500px\" \/><figcaption class=\"wp-element-caption\"><strong>Song\u00fcl Virid\u00e9n<\/strong><br>(Wieder in den Stadtrat)<br>1973, Dipl. Marketing- und Kommunikationsmanagerin \/ HR-Fachfrau (KVZ)<br><br><em><strong>F\u00fcr ein lebenswertes Schlieren \u2013 attraktiv zum Wohnen, Arbeiten, Aufhalten, zur Schule gehen und Investieren. Weil mir Schlieren am Herzen liegt!<\/strong><\/em><br><a href=\"https:\/\/sviriden.ch\">sviriden.ch<\/a><\/figcaption><\/figure>\n<\/div>\n<\/div>\n\n\n\n<div style=\"height:25px\" aria-hidden=\"true\" class=\"wp-block-spacer\"><\/div>\n\n\n\n<figure class=\"wp-block-image aligncenter size-full is-resized\"><img loading=\"lazy\" decoding=\"async\" width=\"395\" height=\"328\" src=\"https:\/\/henryjager.conartix.ch\/wp-content\/uploads\/2026\/02\/liste4_transparent.png\" alt=\"\" class=\"wp-image-874\" style=\"aspect-ratio:1.2044280442804427;width:128px;height:auto\" srcset=\"https:\/\/henryjager.ch\/wp-content\/uploads\/2026\/02\/liste4_transparent.png 395w, https:\/\/henryjager.ch\/wp-content\/uploads\/2026\/02\/liste4_transparent-300x249.png 300w\" sizes=\"auto, (max-width: 395px) 100vw, 395px\" \/><\/figure>\n\n\n\n<p class=\"has-text-align-center\"><strong>F\u00fcr das Parlament \u2013 Liste 4<\/strong><\/p>\n\n\n\n<div class=\"wp-block-columns is-layout-flex wp-container-core-columns-is-layout-28f84493 wp-block-columns-is-layout-flex\">\n<div class=\"wp-block-column is-layout-flow wp-block-column-is-layout-flow\">\n<figure class=\"wp-block-image size-full\"><a href=\"https:\/\/henryjager.ch\/\" target=\"_blank\" rel=\" noreferrer noopener\"><img loading=\"lazy\" decoding=\"async\" width=\"500\" height=\"500\" src=\"https:\/\/henryjager.conartix.ch\/wp-content\/uploads\/2026\/02\/GLPZH25_Jager-Henry.webp\" alt=\"\" class=\"wp-image-862\" srcset=\"https:\/\/henryjager.ch\/wp-content\/uploads\/2026\/02\/GLPZH25_Jager-Henry.webp 500w, https:\/\/henryjager.ch\/wp-content\/uploads\/2026\/02\/GLPZH25_Jager-Henry-300x300.webp 300w, https:\/\/henryjager.ch\/wp-content\/uploads\/2026\/02\/GLPZH25_Jager-Henry-150x150.webp 150w\" sizes=\"auto, (max-width: 500px) 100vw, 500px\" \/><\/a><figcaption class=\"wp-element-caption\"><strong>Henry Jager<\/strong> (bisher)<br>1969, Eidg. dipl. Pharmazeut ETH MBA \/ Unternehmer<br><br><em><br>Ich stehe f\u00fcr eine konkurrenzf\u00e4hige Ausbildung unserer Kinder, f\u00fcr eine zukunftsorientierte Gesellschaft und ein lebenswertes Schlieren.<br><br><\/em><\/figcaption><\/figure>\n<\/div>\n\n\n\n<div class=\"wp-block-column is-layout-flow wp-block-column-is-layout-flow\">\n<figure class=\"wp-block-image size-full\"><img loading=\"lazy\" decoding=\"async\" width=\"500\" height=\"500\" src=\"https:\/\/henryjager.conartix.ch\/wp-content\/uploads\/2026\/02\/GLPZH25_Baumann-David.webp\" alt=\"\" class=\"wp-image-863\" srcset=\"https:\/\/henryjager.ch\/wp-content\/uploads\/2026\/02\/GLPZH25_Baumann-David.webp 500w, https:\/\/henryjager.ch\/wp-content\/uploads\/2026\/02\/GLPZH25_Baumann-David-300x300.webp 300w, https:\/\/henryjager.ch\/wp-content\/uploads\/2026\/02\/GLPZH25_Baumann-David-150x150.webp 150w\" sizes=\"auto, (max-width: 500px) 100vw, 500px\" \/><figcaption class=\"wp-element-caption\"><strong>David Baumann<\/strong> (bisher)<br>1991, CEO bei Schnellladestationen-Betreiber \/ Eidg. dipl. Wirtschaftspr\u00fcfer<br><br><em>Meine Stimme f\u00fcr eine aktive Mitgestaltung der Gesellschaft. Umwelt und Infrastruktur \u2013 mit Herzblut und Zahlen \u2013 f\u00fcr nachhaltige Mobilit\u00e4t.<\/em><\/figcaption><\/figure>\n<\/div>\n\n\n\n<div class=\"wp-block-column is-layout-flow wp-block-column-is-layout-flow\">\n<figure class=\"wp-block-image size-full\"><img loading=\"lazy\" decoding=\"async\" width=\"500\" height=\"500\" src=\"https:\/\/henryjager.conartix.ch\/wp-content\/uploads\/2026\/02\/GLPZH25_Barbieri-Roberto.webp\" alt=\"\" class=\"wp-image-864\" srcset=\"https:\/\/henryjager.ch\/wp-content\/uploads\/2026\/02\/GLPZH25_Barbieri-Roberto.webp 500w, https:\/\/henryjager.ch\/wp-content\/uploads\/2026\/02\/GLPZH25_Barbieri-Roberto-300x300.webp 300w, https:\/\/henryjager.ch\/wp-content\/uploads\/2026\/02\/GLPZH25_Barbieri-Roberto-150x150.webp 150w\" sizes=\"auto, (max-width: 500px) 100vw, 500px\" \/><figcaption class=\"wp-element-caption\"><strong>Roberto Barbieri<\/strong><br>1993, Team Lead Management \/ Co-Founder ClearData GmbH \/ Master of Science in Engineering<br><br><em>Ich setze mich f\u00fcr fortschrittliche Politik und moderne, umsetzbare L\u00f6sungen ein. Nachhaltigkeit und Fortschritt geh\u00f6ren f\u00fcr mich zusammen. Mit Tatendrang arbeite ich f\u00fcr ein lebenswertes Schlieren.<\/em><\/figcaption><\/figure>\n<\/div>\n<\/div>\n\n\n\n<p class=\"has-text-align-center\"><strong>Unsere Kandidierenden<\/strong><\/p>\n\n\n\n<div class=\"wp-block-columns is-layout-flex wp-container-core-columns-is-layout-28f84493 wp-block-columns-is-layout-flex\">\n<div class=\"wp-block-column is-layout-flow wp-block-column-is-layout-flow\">\n<figure class=\"wp-block-image size-full\"><img loading=\"lazy\" decoding=\"async\" width=\"500\" height=\"500\" src=\"https:\/\/henryjager.conartix.ch\/wp-content\/uploads\/2026\/02\/GLPZH25_Huber-Ltifi-Romy.webp\" alt=\"\" class=\"wp-image-865\" srcset=\"https:\/\/henryjager.ch\/wp-content\/uploads\/2026\/02\/GLPZH25_Huber-Ltifi-Romy.webp 500w, https:\/\/henryjager.ch\/wp-content\/uploads\/2026\/02\/GLPZH25_Huber-Ltifi-Romy-300x300.webp 300w, https:\/\/henryjager.ch\/wp-content\/uploads\/2026\/02\/GLPZH25_Huber-Ltifi-Romy-150x150.webp 150w\" sizes=\"auto, (max-width: 500px) 100vw, 500px\" \/><figcaption class=\"wp-element-caption\"><strong>Romy Huber Ltifi<\/strong><br>1983, Senior Sachbearbeiterin Immobilienbewirtschaftung<br><br><em>Ich stehe f\u00fcr ein lebendiges, familienfreundliches Schlieren. F\u00fcr zeitgem\u00e4sse Bildung und Wohnraum f\u00fcr alle. Mir liegt eine lebenswerte und nachhaltige Miteinander am Herzen.<\/em><\/figcaption><\/figure>\n<\/div>\n\n\n\n<div class=\"wp-block-column is-layout-flow wp-block-column-is-layout-flow\">\n<figure class=\"wp-block-image size-full\"><img loading=\"lazy\" decoding=\"async\" width=\"500\" height=\"500\" src=\"https:\/\/henryjager.conartix.ch\/wp-content\/uploads\/2026\/02\/GLPZH25_Schild-Daniel.webp\" alt=\"\" class=\"wp-image-866\" srcset=\"https:\/\/henryjager.ch\/wp-content\/uploads\/2026\/02\/GLPZH25_Schild-Daniel.webp 500w, https:\/\/henryjager.ch\/wp-content\/uploads\/2026\/02\/GLPZH25_Schild-Daniel-300x300.webp 300w, https:\/\/henryjager.ch\/wp-content\/uploads\/2026\/02\/GLPZH25_Schild-Daniel-150x150.webp 150w\" sizes=\"auto, (max-width: 500px) 100vw, 500px\" \/><figcaption class=\"wp-element-caption\"><strong>Daniel Schild<\/strong><br>1977, Holzbau-Ingenieur \/ Wirtschaftsingenieur<br><br><em>Damit wir Standort, Gesellschaft und \u00d6kologie \u2013 die 3 S\u00e4ulen der Nachhaltigkeit \u2013 im Einklang stehen. Schlieren soll f\u00fcr mich ein Ort sein, wo ich mich wohlf\u00fchle \u2013 als Ingenieur wie als Mensch.<\/em><\/figcaption><\/figure>\n<\/div>\n\n\n\n<div class=\"wp-block-column is-layout-flow wp-block-column-is-layout-flow\">\n<figure class=\"wp-block-image size-full\"><img loading=\"lazy\" decoding=\"async\" width=\"500\" height=\"500\" src=\"https:\/\/henryjager.conartix.ch\/wp-content\/uploads\/2026\/02\/GLPZH25_Capone-Incardona-Laura.webp\" alt=\"\" class=\"wp-image-867\" srcset=\"https:\/\/henryjager.ch\/wp-content\/uploads\/2026\/02\/GLPZH25_Capone-Incardona-Laura.webp 500w, https:\/\/henryjager.ch\/wp-content\/uploads\/2026\/02\/GLPZH25_Capone-Incardona-Laura-300x300.webp 300w, https:\/\/henryjager.ch\/wp-content\/uploads\/2026\/02\/GLPZH25_Capone-Incardona-Laura-150x150.webp 150w\" sizes=\"auto, (max-width: 500px) 100vw, 500px\" \/><figcaption class=\"wp-element-caption\"><strong>Laura Capone Incardona<\/strong><br>1987, IT-Teilmieterin &amp; Wirtschaftsinformatikerin<br><br><em>Ich stehe f\u00fcr Politik, die zuh\u00f6rt und handelt \u2013 mit Herz, Verstand und Pragmatismus. F\u00fcr starke Familien, gute Bildung und eine digitale Zukunft, die Menschen verbindet.<\/em><\/figcaption><\/figure>\n<\/div>\n<\/div>\n\n\n\n<div class=\"wp-block-columns is-layout-flex wp-container-core-columns-is-layout-28f84493 wp-block-columns-is-layout-flex\">\n<div class=\"wp-block-column is-layout-flow wp-block-column-is-layout-flow\">\n<figure class=\"wp-block-image size-full\"><img loading=\"lazy\" decoding=\"async\" width=\"500\" height=\"500\" src=\"https:\/\/henryjager.conartix.ch\/wp-content\/uploads\/2026\/02\/GLPZH25_Muehlethaler-Samuel.webp\" alt=\"\" class=\"wp-image-868\" srcset=\"https:\/\/henryjager.ch\/wp-content\/uploads\/2026\/02\/GLPZH25_Muehlethaler-Samuel.webp 500w, https:\/\/henryjager.ch\/wp-content\/uploads\/2026\/02\/GLPZH25_Muehlethaler-Samuel-300x300.webp 300w, https:\/\/henryjager.ch\/wp-content\/uploads\/2026\/02\/GLPZH25_Muehlethaler-Samuel-150x150.webp 150w\" sizes=\"auto, (max-width: 500px) 100vw, 500px\" \/><figcaption class=\"wp-element-caption\"><strong>Samuel M\u00fchlthaler<\/strong><br>1982, Dipl. EAZ<br><br><em><br>Gemeinsam f\u00fcr ein zukunftsorientiertes, nachhaltiges und lebenswertes Schlieren \u2013 f\u00fcr unsere Lebens- und Standortqualit\u00e4t.<\/em><\/figcaption><\/figure>\n<\/div>\n\n\n\n<div class=\"wp-block-column is-layout-flow wp-block-column-is-layout-flow\">\n<figure class=\"wp-block-image size-full\"><img loading=\"lazy\" decoding=\"async\" width=\"500\" height=\"500\" src=\"https:\/\/henryjager.conartix.ch\/wp-content\/uploads\/2026\/02\/GLPZH25_Widmer-Riccardo.webp\" alt=\"\" class=\"wp-image-869\" srcset=\"https:\/\/henryjager.ch\/wp-content\/uploads\/2026\/02\/GLPZH25_Widmer-Riccardo.webp 500w, https:\/\/henryjager.ch\/wp-content\/uploads\/2026\/02\/GLPZH25_Widmer-Riccardo-300x300.webp 300w, https:\/\/henryjager.ch\/wp-content\/uploads\/2026\/02\/GLPZH25_Widmer-Riccardo-150x150.webp 150w\" sizes=\"auto, (max-width: 500px) 100vw, 500px\" \/><figcaption class=\"wp-element-caption\"><strong>Riccardo Widmer<\/strong><br>1998, Lebensmittelingenieur FH \/ Projektplanung<br><br><em>Nach dem Motto \u00absei interessiert, nicht interessant\u00bb setze ich mich ein \u2013 als Ingenieur und Mensch \u2013 f\u00fcr bessere Morgen. Themen: Energie, Umwelt, Industrie, Transparenz.<\/em><\/figcaption><\/figure>\n<\/div>\n\n\n\n<div class=\"wp-block-column is-layout-flow wp-block-column-is-layout-flow\">\n<figure class=\"wp-block-image size-full\"><img loading=\"lazy\" decoding=\"async\" width=\"500\" height=\"500\" src=\"https:\/\/henryjager.conartix.ch\/wp-content\/uploads\/2026\/02\/GLPZH25_Eicher-Sandra.webp\" alt=\"\" class=\"wp-image-870\" srcset=\"https:\/\/henryjager.ch\/wp-content\/uploads\/2026\/02\/GLPZH25_Eicher-Sandra.webp 500w, https:\/\/henryjager.ch\/wp-content\/uploads\/2026\/02\/GLPZH25_Eicher-Sandra-300x300.webp 300w, https:\/\/henryjager.ch\/wp-content\/uploads\/2026\/02\/GLPZH25_Eicher-Sandra-150x150.webp 150w\" sizes=\"auto, (max-width: 500px) 100vw, 500px\" \/><figcaption class=\"wp-element-caption\"><strong>Sandra Eicher<\/strong><br>1967, Sozialp\u00e4dagogin, Coach, GF<br><br><br><em> Autismus Leben und Arbeiten<br>Pragmatische L\u00f6sungen, die wirken und bewegen ohne Ideologie. Mit klarem Kompass: Freiheit und Verantwortung geh\u00f6ren f\u00fcr mich zusammen \u2013 besonders beim Schutz unserer Umwelt.<\/em><br>meditationsvision.ch<\/figcaption><\/figure>\n<\/div>\n<\/div>\n\n\n\n<p><\/p>\n","protected":false},"excerpt":{"rendered":"<p>\u00dcber mich Als gr\u00fcner und liberaler Politiker steht f\u00fcr mich die Verbindung dieser nur vermeintlichen Gegens\u00e4tze im Vordergrund. In der sachbezogenen Realpolitik ist mir linker und rechter Fundamentalismus fremd, genauso wie ein Parteib\u00fcchlein. In der Gesch\u00e4ftspr\u00fcfungskommission setze ich mich als Pr\u00e4sident f\u00fcr eine fundierte und unvoreingenommene Pr\u00fcfung der Gesch\u00e4fte ein. Gemeinsam erarbeitete, realistische und breit [&hellip;]<\/p>\n","protected":false},"author":3,"featured_media":0,"parent":0,"menu_order":0,"comment_status":"closed","ping_status":"closed","template":"","meta":{"footnotes":""},"class_list":["post-34","page","type-page","status-publish","hentry"],"_links":{"self":[{"href":"https:\/\/henryjager.ch\/index.php?rest_route=\/wp\/v2\/pages\/34","targetHints":{"allow":["GET"]}}],"collection":[{"href":"https:\/\/henryjager.ch\/index.php?rest_route=\/wp\/v2\/pages"}],"about":[{"href":"https:\/\/henryjager.ch\/index.php?rest_route=\/wp\/v2\/types\/page"}],"author":[{"embeddable":true,"href":"https:\/\/henryjager.ch\/index.php?rest_route=\/wp\/v2\/users\/3"}],"replies":[{"embeddable":true,"href":"https:\/\/henryjager.ch\/index.php?rest_route=%2Fwp%2Fv2%2Fcomments&post=34"}],"version-history":[{"count":93,"href":"https:\/\/henryjager.ch\/index.php?rest_route=\/wp\/v2\/pages\/34\/revisions"}],"predecessor-version":[{"id":895,"href":"https:\/\/henryjager.ch\/index.php?rest_route=\/wp\/v2\/pages\/34\/revisions\/895"}],"wp:attachment":[{"href":"https:\/\/henryjager.ch\/index.php?rest_route=%2Fwp%2Fv2%2Fmedia&parent=34"}],"curies":[{"name":"wp","href":"https:\/\/api.w.org\/{rel}","templated":true}]}}